{"id":74,"date":"2024-10-23T15:24:55","date_gmt":"2024-10-23T15:24:55","guid":{"rendered":"https:\/\/destrilgas.com\/?page_id=74"},"modified":"2024-10-23T16:17:00","modified_gmt":"2024-10-23T16:17:00","slug":"empresa","status":"publish","type":"page","link":"https:\/\/destrilgas.com\/index.php\/empresa\/","title":{"rendered":"Empresa"},"content":{"rendered":"\t\t<div data-elementor-type=\"wp-page\" data-elementor-id=\"74\" class=\"elementor elementor-74\" data-elementor-post-type=\"page\">\n\t\t\t\t<div class=\"elementor-element elementor-element-72304e77 e-flex e-con-boxed e-con e-parent\" data-id=\"72304e77\" data-element_type=\"container\" id=\"faten\">\n\t\t\t\t\t<div class=\"e-con-inner\">\n\t\t<div class=\"elementor-element elementor-element-237687f6 e-con-full e-flex e-con e-child\" data-id=\"237687f6\" data-element_type=\"container\">\n\t\t\t\t<div class=\"elementor-element elementor-element-2755dc97 elementor-widget elementor-widget-text-editor\" data-id=\"2755dc97\" data-element_type=\"widget\" data-widget_type=\"text-editor.default\">\n\t\t\t\t<div class=\"elementor-widget-container\">\n\t\t\t\t\t\t\t<p style=\"text-align: justify;\">Empresa mexicana l\u00edder en la <b>distribuci\u00f3n y comercializaci\u00f3n de gas natural<\/b>, que ofrece soluciones energ\u00e9ticas eficientes y sostenibles que impulsan el desarrollo econ\u00f3mico y social del pa\u00eds. Con una s\u00f3lida infraestructura y un enfoque en la seguridad, <b>DESTRIL<\/b> asegura un suministro confiable de gas natural para hogares, industrias y empresas, contribuyendo a la mejora de la calidad de vida y a la competitividad a nivel nacional e internacional.\u00a0<\/p><p style=\"text-align: justify;\">Fomentamos la innovaci\u00f3n global, buscando constantemente nuevas tecnolog\u00edas y soluciones que optimicen el uso del gas natural en diferentes mercados. Nos adaptamos a las tendencias internacionales para ofrecer energ\u00eda segura y eficiente, manteni\u00e9ndonos a la vanguardia de la industria energ\u00e9tica.<\/p><p style=\"text-align: justify;\">Conscientes de la importancia de adoptar pr\u00e1cticas respetuosas con el medio ambiente, en <b>DESTRIL<\/b> apostamos por el gas natural como una fuente energ\u00e9tica m\u00e1s limpia, que ayuda a reducir las emisiones de carbono y a generar un impacto positivo en el entorno. Nuestra meta es liderar la transici\u00f3n hacia un futuro energ\u00e9tico m\u00e1s sostenible, sin dejar de garantizar la accesibilidad y eficiencia para nuestros clientes.<\/p>\t\t\t\t\t\t<\/div>\n\t\t\t\t<\/div>\n\t\t\t\t<\/div>\n\t\t\t\t\t<\/div>\n\t\t\t\t<\/div>\n\t\t<div class=\"elementor-element elementor-element-484994a4 e-flex e-con-boxed e-con e-parent\" data-id=\"484994a4\" data-element_type=\"container\" data-settings=\"{&quot;background_background&quot;:&quot;classic&quot;}\">\n\t\t\t\t\t<div class=\"e-con-inner\">\n\t\t<div class=\"elementor-element elementor-element-52fe9add e-con-full e-flex e-con e-child\" data-id=\"52fe9add\" data-element_type=\"container\">\n\t\t\t\t<div class=\"elementor-element elementor-element-fee12a0 elementor-widget elementor-widget-heading\" data-id=\"fee12a0\" data-element_type=\"widget\" data-widget_type=\"heading.default\">\n\t\t\t\t<div class=\"elementor-widget-container\">\n\t\t\t<h2 class=\"elementor-heading-title elementor-size-default\">Apostamos por distribuir energ\u00eda limpia que impulsa el crecimiento econ\u00f3mico<\/h2>\t\t<\/div>\n\t\t\t\t<\/div>\n\t\t\t\t<\/div>\n\t\t\t\t\t<\/div>\n\t\t\t\t<\/div>\n\t\t<div class=\"elementor-element elementor-element-2cb20f42 e-con-full e-flex e-con e-parent\" data-id=\"2cb20f42\" data-element_type=\"container\" data-settings=\"{&quot;background_background&quot;:&quot;classic&quot;}\">\n\t\t<div class=\"elementor-element elementor-element-78235076 e-con-full e-flex e-con e-child\" data-id=\"78235076\" data-element_type=\"container\" data-settings=\"{&quot;background_background&quot;:&quot;classic&quot;}\">\n\t\t\t\t<div class=\"elementor-element elementor-element-730dce4f elementor-view-default elementor-widget elementor-widget-icon\" data-id=\"730dce4f\" data-element_type=\"widget\" data-widget_type=\"icon.default\">\n\t\t\t\t<div class=\"elementor-widget-container\">\n\t\t\t\t\t<div class=\"elementor-icon-wrapper\">\n\t\t\t<div class=\"elementor-icon\">\n\t\t\t<svg aria-hidden=\"true\" class=\"e-font-icon-svg e-fas-leaf\" viewBox=\"0 0 576 512\" xmlns=\"http:\/\/www.w3.org\/2000\/svg\"><path d=\"M546.2 9.7c-5.6-12.5-21.6-13-28.3-1.2C486.9 62.4 431.4 96 368 96h-80C182 96 96 182 96 288c0 7 .8 13.7 1.5 20.5C161.3 262.8 253.4 224 384 224c8.8 0 16 7.2 16 16s-7.2 16-16 16C132.6 256 26 410.1 2.4 468c-6.6 16.3 1.2 34.9 17.5 41.6 16.4 6.8 35-1.1 41.8-17.3 1.5-3.6 20.9-47.9 71.9-90.6 32.4 43.9 94 85.8 174.9 77.2C465.5 467.5 576 326.7 576 154.3c0-50.2-10.8-102.2-29.8-144.6z\"><\/path><\/svg>\t\t\t<\/div>\n\t\t<\/div>\n\t\t\t\t<\/div>\n\t\t\t\t<\/div>\n\t\t\t\t<\/div>\n\t\t<div class=\"elementor-element elementor-element-b3e10c9 e-con-full e-flex e-con e-child\" data-id=\"b3e10c9\" data-element_type=\"container\">\n\t\t\t\t<div class=\"elementor-element elementor-element-71797c5c elementor-widget elementor-widget-heading\" data-id=\"71797c5c\" data-element_type=\"widget\" data-widget_type=\"heading.default\">\n\t\t\t\t<div class=\"elementor-widget-container\">\n\t\t\t<h1 class=\"elementor-heading-title elementor-size-default\">Objetivo<\/h1>\t\t<\/div>\n\t\t\t\t<\/div>\n\t\t\t\t<div class=\"elementor-element elementor-element-ef11c4a elementor-widget elementor-widget-text-editor\" data-id=\"ef11c4a\" data-element_type=\"widget\" data-widget_type=\"text-editor.default\">\n\t\t\t\t<div class=\"elementor-widget-container\">\n\t\t\t\t\t\t\t<p style=\"text-align: justify;\">Ofrecer soluciones energ\u00e9ticas que combinen la eficiencia y la sostenibilidad, garantizando un suministro confiable de gas natural, contribuyendo al desarrollo econ\u00f3mico y reduciendo el impacto ambiental a trav\u00e9s de la adopci\u00f3n de pr\u00e1cticas responsables e innovadoras.<\/p>\t\t\t\t\t\t<\/div>\n\t\t\t\t<\/div>\n\t\t\t\t<\/div>\n\t\t\t\t<\/div>\n\t\t<div class=\"elementor-element elementor-element-2809d3d0 e-con-full e-flex e-con e-parent\" data-id=\"2809d3d0\" data-element_type=\"container\" data-settings=\"{&quot;background_background&quot;:&quot;classic&quot;}\">\n\t\t<div class=\"elementor-element elementor-element-53886528 e-con-full e-flex e-con e-child\" data-id=\"53886528\" data-element_type=\"container\">\n\t\t\t\t<div class=\"elementor-element elementor-element-3d62dfa0 elementor-widget elementor-widget-heading\" data-id=\"3d62dfa0\" data-element_type=\"widget\" data-widget_type=\"heading.default\">\n\t\t\t\t<div class=\"elementor-widget-container\">\n\t\t\t<h1 class=\"elementor-heading-title elementor-size-default\">Misi\u00f3n<\/h1>\t\t<\/div>\n\t\t\t\t<\/div>\n\t\t\t\t<div class=\"elementor-element elementor-element-2b929304 elementor-widget elementor-widget-text-editor\" data-id=\"2b929304\" data-element_type=\"widget\" data-widget_type=\"text-editor.default\">\n\t\t\t\t<div class=\"elementor-widget-container\">\n\t\t\t\t\t\t\t<p style=\"text-align: justify;\">Proveer gas natural de manera eficiente, segura y sostenible, integrando innovaci\u00f3n y compromiso ambiental en todas nuestras operaciones. Buscamos impulsar el crecimiento econ\u00f3mico a nivel global, al ofrecer soluciones energ\u00e9ticas que mejoren la calidad de vida de las personas y fortalezcan el sector industrial y empresarial.<\/p>\t\t\t\t\t\t<\/div>\n\t\t\t\t<\/div>\n\t\t\t\t<\/div>\n\t\t<div class=\"elementor-element elementor-element-7bc665a0 e-con-full e-flex e-con e-child\" data-id=\"7bc665a0\" data-element_type=\"container\" data-settings=\"{&quot;background_background&quot;:&quot;classic&quot;}\">\n\t\t\t\t<div class=\"elementor-element elementor-element-5965c61e elementor-view-default elementor-widget elementor-widget-icon\" data-id=\"5965c61e\" data-element_type=\"widget\" data-widget_type=\"icon.default\">\n\t\t\t\t<div class=\"elementor-widget-container\">\n\t\t\t\t\t<div class=\"elementor-icon-wrapper\">\n\t\t\t<div class=\"elementor-icon\">\n\t\t\t<svg aria-hidden=\"true\" class=\"e-font-icon-svg e-fas-leaf\" viewBox=\"0 0 576 512\" xmlns=\"http:\/\/www.w3.org\/2000\/svg\"><path d=\"M546.2 9.7c-5.6-12.5-21.6-13-28.3-1.2C486.9 62.4 431.4 96 368 96h-80C182 96 96 182 96 288c0 7 .8 13.7 1.5 20.5C161.3 262.8 253.4 224 384 224c8.8 0 16 7.2 16 16s-7.2 16-16 16C132.6 256 26 410.1 2.4 468c-6.6 16.3 1.2 34.9 17.5 41.6 16.4 6.8 35-1.1 41.8-17.3 1.5-3.6 20.9-47.9 71.9-90.6 32.4 43.9 94 85.8 174.9 77.2C465.5 467.5 576 326.7 576 154.3c0-50.2-10.8-102.2-29.8-144.6z\"><\/path><\/svg>\t\t\t<\/div>\n\t\t<\/div>\n\t\t\t\t<\/div>\n\t\t\t\t<\/div>\n\t\t\t\t<\/div>\n\t\t\t\t<\/div>\n\t\t<div class=\"elementor-element elementor-element-590caffa e-con-full e-flex e-con e-parent\" data-id=\"590caffa\" data-element_type=\"container\">\n\t\t<div class=\"elementor-element elementor-element-2df79443 e-con-full e-flex e-con e-child\" data-id=\"2df79443\" data-element_type=\"container\" data-settings=\"{&quot;background_background&quot;:&quot;classic&quot;}\">\n\t\t\t\t<div class=\"elementor-element elementor-element-44599ac4 elementor-view-default elementor-widget elementor-widget-icon\" data-id=\"44599ac4\" data-element_type=\"widget\" data-widget_type=\"icon.default\">\n\t\t\t\t<div class=\"elementor-widget-container\">\n\t\t\t\t\t<div class=\"elementor-icon-wrapper\">\n\t\t\t<div class=\"elementor-icon\">\n\t\t\t<svg aria-hidden=\"true\" class=\"e-font-icon-svg e-fas-leaf\" viewBox=\"0 0 576 512\" xmlns=\"http:\/\/www.w3.org\/2000\/svg\"><path d=\"M546.2 9.7c-5.6-12.5-21.6-13-28.3-1.2C486.9 62.4 431.4 96 368 96h-80C182 96 96 182 96 288c0 7 .8 13.7 1.5 20.5C161.3 262.8 253.4 224 384 224c8.8 0 16 7.2 16 16s-7.2 16-16 16C132.6 256 26 410.1 2.4 468c-6.6 16.3 1.2 34.9 17.5 41.6 16.4 6.8 35-1.1 41.8-17.3 1.5-3.6 20.9-47.9 71.9-90.6 32.4 43.9 94 85.8 174.9 77.2C465.5 467.5 576 326.7 576 154.3c0-50.2-10.8-102.2-29.8-144.6z\"><\/path><\/svg>\t\t\t<\/div>\n\t\t<\/div>\n\t\t\t\t<\/div>\n\t\t\t\t<\/div>\n\t\t\t\t<\/div>\n\t\t<div class=\"elementor-element elementor-element-2882a80b e-con-full e-flex e-con e-child\" data-id=\"2882a80b\" data-element_type=\"container\">\n\t\t\t\t<div class=\"elementor-element elementor-element-26adeb50 elementor-widget elementor-widget-heading\" data-id=\"26adeb50\" data-element_type=\"widget\" data-widget_type=\"heading.default\">\n\t\t\t\t<div class=\"elementor-widget-container\">\n\t\t\t<h1 class=\"elementor-heading-title elementor-size-default\">Visi\u00f3n<\/h1>\t\t<\/div>\n\t\t\t\t<\/div>\n\t\t\t\t<div class=\"elementor-element elementor-element-3e58f5b9 elementor-widget elementor-widget-text-editor\" data-id=\"3e58f5b9\" data-element_type=\"widget\" data-widget_type=\"text-editor.default\">\n\t\t\t\t<div class=\"elementor-widget-container\">\n\t\t\t\t\t\t\t<p style=\"text-align: justify;\">Ser la empresa de referencia en la industria internacional del gas natural, reconocida por nuestra excelencia operativa, nuestra responsabilidad social y ambiental, y por promover un futuro energ\u00e9tico sostenible y accesible para todos.<\/p>\t\t\t\t\t\t<\/div>\n\t\t\t\t<\/div>\n\t\t\t\t<\/div>\n\t\t\t\t<\/div>\n\t\t<div class=\"elementor-element elementor-element-54b367db e-flex e-con-boxed e-con e-parent\" data-id=\"54b367db\" data-element_type=\"container\" id=\"valores\" data-settings=\"{&quot;background_background&quot;:&quot;classic&quot;}\">\n\t\t\t\t\t<div class=\"e-con-inner\">\n\t\t\t\t<div class=\"elementor-element elementor-element-7e5414f6 elementor-widget elementor-widget-heading\" data-id=\"7e5414f6\" data-element_type=\"widget\" data-widget_type=\"heading.default\">\n\t\t\t\t<div class=\"elementor-widget-container\">\n\t\t\t<h3 class=\"elementor-heading-title elementor-size-default\">Valores<\/h3>\t\t<\/div>\n\t\t\t\t<\/div>\n\t\t\t\t\t<\/div>\n\t\t\t\t<\/div>\n\t\t<div class=\"elementor-element elementor-element-66c7efc3 e-flex e-con-boxed e-con e-parent\" data-id=\"66c7efc3\" data-element_type=\"container\" data-settings=\"{&quot;background_background&quot;:&quot;classic&quot;}\">\n\t\t\t\t\t<div class=\"e-con-inner\">\n\t\t<div class=\"elementor-element elementor-element-112f3877 e-con-full e-flex e-con e-child\" data-id=\"112f3877\" data-element_type=\"container\">\n\t\t\t\t<div class=\"elementor-element elementor-element-c89f5cf elementor-widget elementor-widget-heading\" data-id=\"c89f5cf\" data-element_type=\"widget\" data-widget_type=\"heading.default\">\n\t\t\t\t<div class=\"elementor-widget-container\">\n\t\t\t<h2 class=\"elementor-heading-title elementor-size-default\">Sostenibilidad<\/h2>\t\t<\/div>\n\t\t\t\t<\/div>\n\t\t\t\t<div class=\"elementor-element elementor-element-2fac665 elementor-widget elementor-widget-text-editor\" data-id=\"2fac665\" data-element_type=\"widget\" data-widget_type=\"text-editor.default\">\n\t\t\t\t<div class=\"elementor-widget-container\">\n\t\t\t\t\t\t\t<p style=\"text-align: justify;\"><span class=\"_1hicw9p1_3-4-0 _1hicw9p0_3-4-0 _ekabin0_3-4-0 dig-Theme-vis2023 dig-Theme-vis2023--dark dig-Mode--dark In-Theme-Provider\">En <b>DESTRIL<\/b>, estamos comprometidos con la transici\u00f3n hacia una energ\u00eda m\u00e1s limpia y sostenible. Nuestro objetivo es reducir el impacto ambiental a trav\u00e9s de pr\u00e1cticas responsables, impulsando proyectos que protejan el medio ambiente y promuevan el uso eficiente de los recursos naturales.<\/span><\/p>\t\t\t\t\t\t<\/div>\n\t\t\t\t<\/div>\n\t\t\t\t<\/div>\n\t\t<div class=\"elementor-element elementor-element-7f1d0cf1 e-con-full e-flex e-con e-child\" data-id=\"7f1d0cf1\" data-element_type=\"container\">\n\t\t\t\t<div class=\"elementor-element elementor-element-725c5237 elementor-widget elementor-widget-heading\" data-id=\"725c5237\" data-element_type=\"widget\" data-widget_type=\"heading.default\">\n\t\t\t\t<div class=\"elementor-widget-container\">\n\t\t\t<h2 class=\"elementor-heading-title elementor-size-default\">Innovaci\u00f3n<\/h2>\t\t<\/div>\n\t\t\t\t<\/div>\n\t\t\t\t<div class=\"elementor-element elementor-element-78491f83 elementor-widget elementor-widget-text-editor\" data-id=\"78491f83\" data-element_type=\"widget\" data-widget_type=\"text-editor.default\">\n\t\t\t\t<div class=\"elementor-widget-container\">\n\t\t\t\t\t\t\t<p style=\"text-align: justify;\"><span class=\"_1hicw9p1_3-4-0 _1hicw9p0_3-4-0 _ekabin0_3-4-0 dig-Theme-vis2023 dig-Theme-vis2023--dark dig-Mode--dark In-Theme-Provider\">Creemos en la innovaci\u00f3n continua como motor para ofrecer soluciones energ\u00e9ticas m\u00e1s eficientes y seguras. En <b>DESTRIL<\/b>, fomentamos la creatividad y la b\u00fasqueda de tecnolog\u00edas que mejoren la cadena de suministro y el uso del gas natural, adapt\u00e1ndonos a las necesidades del mercado.<\/span><\/p>\t\t\t\t\t\t<\/div>\n\t\t\t\t<\/div>\n\t\t\t\t<\/div>\n\t\t<div class=\"elementor-element elementor-element-6a734a6f e-con-full e-flex e-con e-child\" data-id=\"6a734a6f\" data-element_type=\"container\">\n\t\t\t\t<div class=\"elementor-element elementor-element-1465277b elementor-widget elementor-widget-heading\" data-id=\"1465277b\" data-element_type=\"widget\" data-widget_type=\"heading.default\">\n\t\t\t\t<div class=\"elementor-widget-container\">\n\t\t\t<h2 class=\"elementor-heading-title elementor-size-default\">Responsabilidad social<\/h2>\t\t<\/div>\n\t\t\t\t<\/div>\n\t\t\t\t<div class=\"elementor-element elementor-element-445bb38e elementor-widget elementor-widget-text-editor\" data-id=\"445bb38e\" data-element_type=\"widget\" data-widget_type=\"text-editor.default\">\n\t\t\t\t<div class=\"elementor-widget-container\">\n\t\t\t\t\t\t\t<p style=\"text-align: justify;\"><span class=\"_1hicw9p1_3-4-0 _1hicw9p0_3-4-0 _ekabin0_3-4-0 dig-Theme-vis2023 dig-Theme-vis2023--dark dig-Mode--dark In-Theme-Provider\">Somos una empresa comprometida con el bienestar de las comunidades en las que operamos. Participamos activamente en proyectos sociales que promuevan el desarrollo econ\u00f3mico, el acceso a la energ\u00eda y el bienestar general de las personas.<\/span><\/p>\t\t\t\t\t\t<\/div>\n\t\t\t\t<\/div>\n\t\t\t\t<\/div>\n\t\t<div class=\"elementor-element elementor-element-4362f4f6 e-con-full e-flex e-con e-child\" data-id=\"4362f4f6\" data-element_type=\"container\">\n\t\t\t\t<div class=\"elementor-element elementor-element-506a6362 elementor-widget elementor-widget-heading\" data-id=\"506a6362\" data-element_type=\"widget\" data-widget_type=\"heading.default\">\n\t\t\t\t<div class=\"elementor-widget-container\">\n\t\t\t<h2 class=\"elementor-heading-title elementor-size-default\">Integridad<\/h2>\t\t<\/div>\n\t\t\t\t<\/div>\n\t\t\t\t<div class=\"elementor-element elementor-element-7791ae89 elementor-widget elementor-widget-text-editor\" data-id=\"7791ae89\" data-element_type=\"widget\" data-widget_type=\"text-editor.default\">\n\t\t\t\t<div class=\"elementor-widget-container\">\n\t\t\t\t\t\t\t<p style=\"text-align: justify;\"><span class=\"_1hicw9p1_3-4-0 _1hicw9p0_3-4-0 _ekabin0_3-4-0 dig-Theme-vis2023 dig-Theme-vis2023--dark dig-Mode--dark In-Theme-Provider\">Actuamos con transparencia, honestidad y \u00e9tica en todas nuestras actividades. En <b>DESTRIL<\/b>, nos comprometemos a mantener relaciones abiertas y de confianza con nuestros clientes, socios y colaboradores, respetando siempre las normativas y regulaciones de la industria.<\/span><\/p>\t\t\t\t\t\t<\/div>\n\t\t\t\t<\/div>\n\t\t\t\t<\/div>\n\t\t<div class=\"elementor-element elementor-element-5358aca5 e-con-full e-flex e-con e-child\" data-id=\"5358aca5\" data-element_type=\"container\">\n\t\t\t\t<div class=\"elementor-element elementor-element-642cb726 elementor-widget elementor-widget-heading\" data-id=\"642cb726\" data-element_type=\"widget\" data-widget_type=\"heading.default\">\n\t\t\t\t<div class=\"elementor-widget-container\">\n\t\t\t<h2 class=\"elementor-heading-title elementor-size-default\">Calidad y eficiencia<\/h2>\t\t<\/div>\n\t\t\t\t<\/div>\n\t\t\t\t<div class=\"elementor-element elementor-element-4afd5184 elementor-widget elementor-widget-text-editor\" data-id=\"4afd5184\" data-element_type=\"widget\" data-widget_type=\"text-editor.default\">\n\t\t\t\t<div class=\"elementor-widget-container\">\n\t\t\t\t\t\t\t<p style=\"text-align: justify;\"><span class=\"_1hicw9p1_3-4-0 _1hicw9p0_3-4-0 _ekabin0_3-4-0 dig-Theme-vis2023 dig-Theme-vis2023--dark dig-Mode--dark In-Theme-Provider\">Nos esforzamos por alcanzar la excelencia en todas nuestras operaciones, desde la exploraci\u00f3n y producci\u00f3n hasta la distribuci\u00f3n del gas natural. Buscamos optimizar continuamente nuestros procesos para ofrecer el mejor servicio y garantizar la satisfacci\u00f3n de nuestros clientes.<\/span><\/p>\t\t\t\t\t\t<\/div>\n\t\t\t\t<\/div>\n\t\t\t\t<\/div>\n\t\t<div class=\"elementor-element elementor-element-529459c7 e-con-full e-flex e-con e-child\" data-id=\"529459c7\" data-element_type=\"container\">\n\t\t\t\t<div class=\"elementor-element elementor-element-49e3875c elementor-widget elementor-widget-heading\" data-id=\"49e3875c\" data-element_type=\"widget\" data-widget_type=\"heading.default\">\n\t\t\t\t<div class=\"elementor-widget-container\">\n\t\t\t<h2 class=\"elementor-heading-title elementor-size-default\">Seguridad<\/h2>\t\t<\/div>\n\t\t\t\t<\/div>\n\t\t\t\t<div class=\"elementor-element elementor-element-55367f42 elementor-widget elementor-widget-text-editor\" data-id=\"55367f42\" data-element_type=\"widget\" data-widget_type=\"text-editor.default\">\n\t\t\t\t<div class=\"elementor-widget-container\">\n\t\t\t\t\t\t\t<p style=\"text-align: justify;\">La seguridad de nuestros empleados, clientes y las comunidades donde operamos es nuestra m\u00e1xima prioridad. Desarrollamos y aplicamos rigurosos protocolos de seguridad en todas nuestras operaciones, asegurando un entorno libre de riesgos y promoviendo una cultura de prevenci\u00f3n y cuidado.<\/p>\t\t\t\t\t\t<\/div>\n\t\t\t\t<\/div>\n\t\t\t\t<\/div>\n\t\t\t\t\t<\/div>\n\t\t\t\t<\/div>\n\t\t<div class=\"elementor-element elementor-element-7ef5ea48 e-con-full e-flex e-con e-parent\" data-id=\"7ef5ea48\" data-element_type=\"container\" data-settings=\"{&quot;background_background&quot;:&quot;classic&quot;}\">\n\t\t\t\t<div class=\"elementor-element elementor-element-4f901c43 elementor-widget elementor-widget-heading\" data-id=\"4f901c43\" data-element_type=\"widget\" data-widget_type=\"heading.default\">\n\t\t\t\t<div class=\"elementor-widget-container\">\n\t\t\t<p class=\"elementor-heading-title elementor-size-default\">\u00a9 2026 All Rights Reserved.<\/p>\t\t<\/div>\n\t\t\t\t<\/div>\n\t\t\t\t<\/div>\n\t\t\t\t<\/div>\n\t\t","protected":false},"excerpt":{"rendered":"<p>Empresa mexicana l\u00edder en la distribuci\u00f3n y comercializaci\u00f3n de gas natural, que ofrece soluciones energ\u00e9ticas eficientes y sostenibles que impulsan el desarrollo econ\u00f3mico y social del pa\u00eds. Con una s\u00f3lida infraestructura y un enfoque en la seguridad, DESTRIL asegura un suministro confiable de gas natural para hogares, industrias y empresas, contribuyendo a la mejora de [&hellip;]<\/p>\n","protected":false},"author":1,"featured_media":0,"parent":0,"menu_order":0,"comment_status":"closed","ping_status":"closed","template":"","meta":{"footnotes":""},"class_list":["post-74","page","type-page","status-publish","hentry"],"_links":{"self":[{"href":"https:\/\/destrilgas.com\/index.php\/wp-json\/wp\/v2\/pages\/74","targetHints":{"allow":["GET"]}}],"collection":[{"href":"https:\/\/destrilgas.com\/index.php\/wp-json\/wp\/v2\/pages"}],"about":[{"href":"https:\/\/destrilgas.com\/index.php\/wp-json\/wp\/v2\/types\/page"}],"author":[{"embeddable":true,"href":"https:\/\/destrilgas.com\/index.php\/wp-json\/wp\/v2\/users\/1"}],"replies":[{"embeddable":true,"href":"https:\/\/destrilgas.com\/index.php\/wp-json\/wp\/v2\/comments?post=74"}],"version-history":[{"count":25,"href":"https:\/\/destrilgas.com\/index.php\/wp-json\/wp\/v2\/pages\/74\/revisions"}],"predecessor-version":[{"id":122,"href":"https:\/\/destrilgas.com\/index.php\/wp-json\/wp\/v2\/pages\/74\/revisions\/122"}],"wp:attachment":[{"href":"https:\/\/destrilgas.com\/index.php\/wp-json\/wp\/v2\/media?parent=74"}],"curies":[{"name":"wp","href":"https:\/\/api.w.org\/{rel}","templated":true}]}}